{"id":9,"date":"2026-02-05T14:30:02","date_gmt":"2026-02-05T14:30:02","guid":{"rendered":"https:\/\/axone-radiologie.fr\/?page_id=9"},"modified":"2026-02-06T08:33:35","modified_gmt":"2026-02-06T08:33:35","slug":"examens","status":"publish","type":"page","link":"http:\/\/axone-radiologie.fr\/index.php\/examens\/","title":{"rendered":"EXAMENS"},"content":{"rendered":"\n<div class=\"wp-block-group alignfull is-layout-flow wp-container-core-group-is-layout-f9cb6abc wp-block-group-is-layout-flow\" style=\"margin-top:0;margin-bottom:0\"><\/div>\n\n\n\n<h2 class=\"wp-block-heading\">\u00c9chographie<\/h2>\n\n\n\n<p>L\u2019\u00e9chographie est un examen d\u2019imagerie m\u00e9dicale <strong>non irradiant<\/strong>, utilisant les ultrasons, permettant une exploration pr\u00e9cise et dynamique de nombreux organes et structures.<br>Elle est r\u00e9alis\u00e9e selon l\u2019indication m\u00e9dicale et dans le respect des bonnes pratiques professionnelles.<\/p>\n\n\n\n<h3 class=\"wp-block-heading is-style-text-subtitle has-contrast-color has-text-color has-link-color wp-elements-7ef1e6ea95d1db39b9b7affda2e5f1b4 is-style-text-subtitle--1\">\u00c9chographies r\u00e9alis\u00e9es au cabinet<\/h3>\n\n\n\n<div class=\"wp-block-group is-layout-grid wp-container-core-group-is-layout-478b6e6b wp-block-group-is-layout-grid\">\n<p><strong>\u00c9chographie abdomino-pelvienne<\/strong><\/p>\n\n\n\n<p><strong>\u00c9chographie pelvienne<\/strong><\/p>\n\n\n\n<p class=\"wp-container-content-69bc4bdf\"><strong>\u00c9chographie thyro\u00efdienne<\/strong><br><\/p>\n\n\n\n<p><strong>\u00c9chographie articulaire<\/strong><\/p>\n\n\n\n<p><strong>\u00c9chographie musculo-tendineuse et des parties molles<\/strong><\/p>\n\n\n\n<p><strong>\u00c9chographie orbitaire<\/strong><\/p>\n\n\n\n<p><strong>\u00c9chographie  Doppler des troncs supra-aortiques (TSA)<\/strong><\/p>\n\n\n\n<p><strong>\u00c9chographie des hanches du nourrisson<\/strong><\/p>\n\n\n\n<p><strong>\u00c9chographie m\u00e9dullaire du nourrisson<\/strong><\/p>\n\n\n\n<p><strong>\u00c9chographie testiculaire et scrotale<\/strong><\/p>\n\n\n\n<p><strong>\u00c9chographie Doppler testiculaire<\/strong><br><\/p>\n\n\n\n<p><strong>Echographie r\u00e9nale et v\u00e9sicale <\/strong><\/p>\n\n\n\n<p><strong>Echographie Prostatique <\/strong><\/p>\n<\/div>\n\n\n\n<hr class=\"wp-block-separator has-alpha-channel-opacity\"\/>\n\n\n\n<h2 class=\"wp-block-heading\">Ost\u00e9odensitom\u00e9trie (DEXA)<\/h2>\n\n\n\n<p>L\u2019ost\u00e9odensitom\u00e9trie est un examen d\u2019imagerie \u00e0 <strong>faible irradiation<\/strong> permettant de mesurer la <strong>densit\u00e9 min\u00e9rale osseuse<\/strong> et d\u2019\u00e9valuer le risque de fracture.<\/p>\n\n\n\n<h3 class=\"wp-block-heading has-contrast-color has-text-color has-link-color wp-elements-a5b41eb887b5fda342601dd720298ed6\">Indications principales<\/h3>\n\n\n\n<ul class=\"wp-block-list\">\n<li>D\u00e9pistage et diagnostic de l\u2019ost\u00e9oporose<\/li>\n\n\n\n<li>Suivi de l\u2019\u00e9volution de la densit\u00e9 osseuse<\/li>\n\n\n\n<li>\u00c9valuation du risque fracturaire<\/li>\n\n\n\n<li>Surveillance sous traitement anti-ost\u00e9oporotique<\/li>\n\n\n\n<li>Facteurs de risque : m\u00e9nopause, corticoth\u00e9rapie prolong\u00e9e, ant\u00e9c\u00e9dents familiaux, maladies m\u00e9taboliques osseuses<\/li>\n<\/ul>\n\n\n\n<h3 class=\"wp-block-heading has-contrast-color has-text-color has-link-color wp-elements-ae5da59ecd0369f6953a2b5f02b56676\">Sp\u00e9cificit\u00e9 de notre appareil Horizon WWi <\/h3>\n\n\n\n<ul class=\"wp-block-list\">\n<li>Vert\u00e8bres lombaires en ant\u00e9ropost\u00e9rieur, en d\u00e9cubitus lat\u00e9ral, colonne scoliotique<\/li>\n\n\n\n<li>Hanches droite &amp; gauche, double hanche, proth\u00e8se de hanche<\/li>\n\n\n\n<li>Rachis, hanches P\u00e9diatrique<\/li>\n\n\n\n<li>Poignet<\/li>\n\n\n\n<li>Corps entier Adulte et P\u00e9diatrique (DMO et composition corporelle)<\/li>\n\n\n\n<li>Corps entier avec mesures incluant la Graisse Visc\u00e9rale, Andro\u00efde et Gyno\u00efde<\/li>\n\n\n\n<li>FRAX, calcul de probabilit\u00e9 de fracture \u00e0 10 ans<\/li>\n\n\n\n<li>Mode de comparaison automatique pour tous types d\u2019examens<\/li>\n<\/ul>\n\n\n\n<ul class=\"wp-block-list\"><\/ul>\n\n\n\n<hr class=\"wp-block-separator has-alpha-channel-opacity\"\/>\n\n\n\n<p><\/p>\n","protected":false},"excerpt":{"rendered":"<p>\u00c9chographie L\u2019\u00e9chographie est un examen d\u2019imagerie m\u00e9dicale non irradiant, utilisant les ultrasons, permettant une exploration pr\u00e9cise et dynamique de nombreux organes et structures.Elle est r\u00e9alis\u00e9e selon l\u2019indication m\u00e9dicale et dans le respect des bonnes pratiques professionnelles. \u00c9chographies r\u00e9alis\u00e9es au cabinet \u00c9chographie abdomino-pelvienne \u00c9chographie pelvienne \u00c9chographie thyro\u00efdienne \u00c9chographie articulaire \u00c9chographie musculo-tendineuse et des parties molles \u00c9chographie [&hellip;]<\/p>\n","protected":false},"author":1,"featured_media":0,"parent":0,"menu_order":0,"comment_status":"closed","ping_status":"closed","template":"","meta":{"footnotes":""},"class_list":["post-9","page","type-page","status-publish","hentry"],"_links":{"self":[{"href":"http:\/\/axone-radiologie.fr\/index.php\/wp-json\/wp\/v2\/pages\/9","targetHints":{"allow":["GET"]}}],"collection":[{"href":"http:\/\/axone-radiologie.fr\/index.php\/wp-json\/wp\/v2\/pages"}],"about":[{"href":"http:\/\/axone-radiologie.fr\/index.php\/wp-json\/wp\/v2\/types\/page"}],"author":[{"embeddable":true,"href":"http:\/\/axone-radiologie.fr\/index.php\/wp-json\/wp\/v2\/users\/1"}],"replies":[{"embeddable":true,"href":"http:\/\/axone-radiologie.fr\/index.php\/wp-json\/wp\/v2\/comments?post=9"}],"version-history":[{"count":4,"href":"http:\/\/axone-radiologie.fr\/index.php\/wp-json\/wp\/v2\/pages\/9\/revisions"}],"predecessor-version":[{"id":58,"href":"http:\/\/axone-radiologie.fr\/index.php\/wp-json\/wp\/v2\/pages\/9\/revisions\/58"}],"wp:attachment":[{"href":"http:\/\/axone-radiologie.fr\/index.php\/wp-json\/wp\/v2\/media?parent=9"}],"curies":[{"name":"wp","href":"https:\/\/api.w.org\/{rel}","templated":true}]}}