{"id":6,"date":"2026-02-05T14:29:23","date_gmt":"2026-02-05T14:29:23","guid":{"rendered":"https:\/\/axone-radiologie.fr\/?page_id=6"},"modified":"2026-02-06T08:35:11","modified_gmt":"2026-02-06T08:35:11","slug":"acceuil","status":"publish","type":"page","link":"http:\/\/axone-radiologie.fr\/","title":{"rendered":"ACCEUIL"},"content":{"rendered":"\n<h3 class=\"wp-block-heading\"><\/h3>\n\n\n\n<p><\/p>\n\n\n\n<p class=\"has-contrast-color has-text-color has-link-color wp-elements-a042e98d4bce3be3feda3bf3efe5fd40\">Cabinet d\u2019imagerie m\u00e9dicale sp\u00e9cialis\u00e9 en <strong>\u00e9chographie <\/strong> et <strong>ost\u00e9odensitom\u00e9trie (DEXA)<\/strong>.<br>Examens r\u00e9alis\u00e9s <strong>sur rendez-vous<\/strong>, du lundi au vendredi.<\/p>\n\n\n\n<p><strong>\ud83d\udccd Adresse<\/strong><br>4 Avenue de Middelkerke, 51200 \u00c9pernay<\/p>\n\n\n\n<p class=\"has-contrast-color has-text-color has-link-color wp-elements-a6177bfed7c4491dec0bb872d8a6657c\"><strong>\ud83d\udd58 Horaires<\/strong><br>Lundi au vendredi : 08h00 \u2013 17h30<br>Ferm\u00e9 le samedi<\/p>\n\n\n\n<p><strong>\ud83d\udcde T\u00e9l\u00e9phone<\/strong><br>03 65 67 78 88<\/p>\n\n\n\n<hr class=\"wp-block-separator has-alpha-channel-opacity\"\/>\n\n\n\n<h3 class=\"wp-block-heading\"><\/h3>\n","protected":false},"excerpt":{"rendered":"<p>Cabinet d\u2019imagerie m\u00e9dicale sp\u00e9cialis\u00e9 en \u00e9chographie et ost\u00e9odensitom\u00e9trie (DEXA).Examens r\u00e9alis\u00e9s sur rendez-vous, du lundi au vendredi. \ud83d\udccd Adresse4 Avenue de Middelkerke, 51200 \u00c9pernay \ud83d\udd58 HorairesLundi au vendredi : 08h00 \u2013 17h30Ferm\u00e9 le samedi \ud83d\udcde T\u00e9l\u00e9phone03 65 67 78 88<\/p>\n","protected":false},"author":1,"featured_media":0,"parent":0,"menu_order":0,"comment_status":"closed","ping_status":"closed","template":"","meta":{"footnotes":""},"class_list":["post-6","page","type-page","status-publish","hentry"],"_links":{"self":[{"href":"http:\/\/axone-radiologie.fr\/index.php\/wp-json\/wp\/v2\/pages\/6","targetHints":{"allow":["GET"]}}],"collection":[{"href":"http:\/\/axone-radiologie.fr\/index.php\/wp-json\/wp\/v2\/pages"}],"about":[{"href":"http:\/\/axone-radiologie.fr\/index.php\/wp-json\/wp\/v2\/types\/page"}],"author":[{"embeddable":true,"href":"http:\/\/axone-radiologie.fr\/index.php\/wp-json\/wp\/v2\/users\/1"}],"replies":[{"embeddable":true,"href":"http:\/\/axone-radiologie.fr\/index.php\/wp-json\/wp\/v2\/comments?post=6"}],"version-history":[{"count":6,"href":"http:\/\/axone-radiologie.fr\/index.php\/wp-json\/wp\/v2\/pages\/6\/revisions"}],"predecessor-version":[{"id":60,"href":"http:\/\/axone-radiologie.fr\/index.php\/wp-json\/wp\/v2\/pages\/6\/revisions\/60"}],"wp:attachment":[{"href":"http:\/\/axone-radiologie.fr\/index.php\/wp-json\/wp\/v2\/media?parent=6"}],"curies":[{"name":"wp","href":"https:\/\/api.w.org\/{rel}","templated":true}]}}