{"id":13,"date":"2026-02-05T14:33:18","date_gmt":"2026-02-05T14:33:18","guid":{"rendered":"https:\/\/axone-radiologie.fr\/?page_id=13"},"modified":"2026-02-05T18:06:40","modified_gmt":"2026-02-05T18:06:40","slug":"contact","status":"publish","type":"page","link":"http:\/\/axone-radiologie.fr\/index.php\/contact\/","title":{"rendered":"CONTACT"},"content":{"rendered":"\n<div class=\"wp-block-group alignfull is-layout-flow wp-container-core-group-is-layout-f9cb6abc wp-block-group-is-layout-flow\" style=\"margin-top:0;margin-bottom:0\">\n<div class=\"wp-block-columns alignfull is-not-stacked-on-mobile is-layout-flex wp-container-core-columns-is-layout-e154fb6a wp-block-columns-is-layout-flex\" style=\"margin-top:0;margin-bottom:0;padding-top:var(--wp--preset--spacing--40);padding-right:var(--wp--preset--spacing--40);padding-bottom:var(--wp--preset--spacing--80);padding-left:var(--wp--preset--spacing--40)\">\n<div class=\"wp-block-column is-layout-flow wp-block-column-is-layout-flow\" style=\"flex-basis:66.66%\">\n<div class=\"wp-block-group is-vertical is-content-justification-stretch is-layout-flex wp-container-core-group-is-layout-7e003bba wp-block-group-is-layout-flex\">\n<p class=\"has-x-large-font-size\">Pour toute demande d\u2019information ou de rendez-vous, vous pouvez contacter le cabinet <strong>Axone Radiologie<\/strong> par t\u00e9l\u00e9phone ou via le formulaire ci-dessous.<\/p>\n\n\n\n<hr class=\"wp-block-separator has-alpha-channel-opacity\"\/>\n\n\n\n<h3 class=\"wp-block-heading\">Coordonn\u00e9es du cabinet<\/h3>\n\n\n\n<p><strong>Axone Radiologie<\/strong><br>\ud83d\udccd 4 Avenue de Middelkerke, 51200 \u00c9pernay<\/p>\n\n\n\n<p>\ud83d\udcde <strong>T\u00e9l\u00e9phone<\/strong><br>03 65 67 78 88<\/p>\n\n\n\n<p>\u2709\ufe0f <strong>Email<\/strong><br><a>contact@axone-radiologie.fr<\/a><\/p>\n\n\n\n<p>\ud83d\udd58 <strong>Horaires<\/strong><br>Lundi au vendredi : 08h00 \u2013 17h30<br>Ferm\u00e9 le samedi<\/p>\n\n\n\n<hr class=\"wp-block-separator has-alpha-channel-opacity\"\/>\n\n\n\n<h3 class=\"wp-block-heading\">Prise de rendez-vous<\/h3>\n\n\n\n<p>Les examens sont r\u00e9alis\u00e9s <strong>sur rendez-vous<\/strong>, selon l\u2019indication m\u00e9dicale.<\/p>\n\n\n\n<p>La prise de rendez-vous en ligne via <strong>Doctolib<\/strong> sera disponible prochainement.<br>En attendant, merci de nous contacter par t\u00e9l\u00e9phone ou via le formulaire ci-dessous.<\/p>\n\n\n\n<hr class=\"wp-block-separator has-alpha-channel-opacity\"\/>\n\n\n\n<h3 class=\"wp-block-heading\">Formulaire de contact<\/h3>\n\n\n\n<p>Merci de <strong>ne pas indiquer d\u2019informations m\u00e9dicales sensibles<\/strong> dans ce formulaire.<\/p>\n\n\n\n<p class=\"has-x-large-font-size\"><em>(Le formulaire permet uniquement une prise de contact administrative.)<\/em><\/p>\n<\/div>\n<\/div>\n<\/div>\n<\/div>\n\n\n\n<div class=\"wpcf7 no-js\" id=\"wpcf7-f36-o1\" lang=\"fr-FR\" dir=\"ltr\" data-wpcf7-id=\"36\">\n<div class=\"screen-reader-response\"><p role=\"status\" aria-live=\"polite\" aria-atomic=\"true\"><\/p> <ul><\/ul><\/div>\n<form action=\"\/index.php\/wp-json\/wp\/v2\/pages\/13#wpcf7-f36-o1\" method=\"post\" class=\"wpcf7-form init\" aria-label=\"Formulaire de contact\" novalidate=\"novalidate\" data-status=\"init\">\n<fieldset class=\"hidden-fields-container\"><input type=\"hidden\" name=\"_wpcf7\" value=\"36\" \/><input type=\"hidden\" name=\"_wpcf7_version\" value=\"6.1.4\" \/><input type=\"hidden\" name=\"_wpcf7_locale\" value=\"fr_FR\" \/><input type=\"hidden\" name=\"_wpcf7_unit_tag\" value=\"wpcf7-f36-o1\" \/><input type=\"hidden\" name=\"_wpcf7_container_post\" value=\"0\" \/><input type=\"hidden\" name=\"_wpcf7_posted_data_hash\" value=\"\" \/>\n<\/fieldset>\n<p><label> Votre nom<br \/>\n<span class=\"wpcf7-form-control-wrap\" data-name=\"your-name\"><input size=\"40\" maxlength=\"400\" class=\"wpcf7-form-control wpcf7-text wpcf7-validates-as-required\" autocomplete=\"name\" aria-required=\"true\" aria-invalid=\"false\" value=\"\" type=\"text\" name=\"your-name\" \/><\/span> <\/label>\n<\/p>\n<p><label> Votre e-mail<br \/>\n<span class=\"wpcf7-form-control-wrap\" data-name=\"your-email\"><input size=\"40\" maxlength=\"400\" class=\"wpcf7-form-control wpcf7-email wpcf7-validates-as-required wpcf7-text wpcf7-validates-as-email\" autocomplete=\"email\" aria-required=\"true\" aria-invalid=\"false\" value=\"\" type=\"email\" name=\"your-email\" \/><\/span> <\/label>\n<\/p>\n<p><label> Objet<br \/>\n<span class=\"wpcf7-form-control-wrap\" data-name=\"your-subject\"><input size=\"40\" maxlength=\"400\" class=\"wpcf7-form-control wpcf7-text wpcf7-validates-as-required\" aria-required=\"true\" aria-invalid=\"false\" value=\"\" type=\"text\" name=\"your-subject\" \/><\/span> <\/label>\n<\/p>\n<p><label> Votre message (facultatif)<br \/>\n<span class=\"wpcf7-form-control-wrap\" data-name=\"your-message\"><textarea cols=\"40\" rows=\"10\" maxlength=\"2000\" class=\"wpcf7-form-control wpcf7-textarea\" aria-invalid=\"false\" name=\"your-message\"><\/textarea><\/span> <\/label>\n<\/p>\n<p><input class=\"wpcf7-form-control wpcf7-submit has-spinner\" type=\"submit\" value=\"Envoyer\" \/>\n<\/p><div class=\"wpcf7-response-output\" aria-hidden=\"true\"><\/div>\n<\/form>\n<\/div>\n\n","protected":false},"excerpt":{"rendered":"<p>Pour toute demande d\u2019information ou de rendez-vous, vous pouvez contacter le cabinet Axone Radiologie par t\u00e9l\u00e9phone ou via le formulaire ci-dessous. Coordonn\u00e9es du cabinet Axone Radiologie\ud83d\udccd 4 Avenue de Middelkerke, 51200 \u00c9pernay \ud83d\udcde T\u00e9l\u00e9phone03 65 67 78 88 \u2709\ufe0f Emailcontact@axone-radiologie.fr \ud83d\udd58 HorairesLundi au vendredi : 08h00 \u2013 17h30Ferm\u00e9 le samedi Prise de rendez-vous Les examens [&hellip;]<\/p>\n","protected":false},"author":1,"featured_media":0,"parent":0,"menu_order":0,"comment_status":"closed","ping_status":"closed","template":"","meta":{"footnotes":""},"class_list":["post-13","page","type-page","status-publish","hentry"],"_links":{"self":[{"href":"http:\/\/axone-radiologie.fr\/index.php\/wp-json\/wp\/v2\/pages\/13","targetHints":{"allow":["GET"]}}],"collection":[{"href":"http:\/\/axone-radiologie.fr\/index.php\/wp-json\/wp\/v2\/pages"}],"about":[{"href":"http:\/\/axone-radiologie.fr\/index.php\/wp-json\/wp\/v2\/types\/page"}],"author":[{"embeddable":true,"href":"http:\/\/axone-radiologie.fr\/index.php\/wp-json\/wp\/v2\/users\/1"}],"replies":[{"embeddable":true,"href":"http:\/\/axone-radiologie.fr\/index.php\/wp-json\/wp\/v2\/comments?post=13"}],"version-history":[{"count":4,"href":"http:\/\/axone-radiologie.fr\/index.php\/wp-json\/wp\/v2\/pages\/13\/revisions"}],"predecessor-version":[{"id":38,"href":"http:\/\/axone-radiologie.fr\/index.php\/wp-json\/wp\/v2\/pages\/13\/revisions\/38"}],"wp:attachment":[{"href":"http:\/\/axone-radiologie.fr\/index.php\/wp-json\/wp\/v2\/media?parent=13"}],"curies":[{"name":"wp","href":"https:\/\/api.w.org\/{rel}","templated":true}]}}