{"id":11,"date":"2026-02-05T14:33:01","date_gmt":"2026-02-05T14:33:01","guid":{"rendered":"https:\/\/axone-radiologie.fr\/?page_id=11"},"modified":"2026-02-05T17:51:59","modified_gmt":"2026-02-05T17:51:59","slug":"infos-pratiques","status":"publish","type":"page","link":"http:\/\/axone-radiologie.fr\/index.php\/infos-pratiques\/","title":{"rendered":"INFOS  PRATIQUES"},"content":{"rendered":"\n<div class=\"wp-block-group alignfull is-layout-flow wp-container-core-group-is-layout-f9cb6abc wp-block-group-is-layout-flow\" style=\"margin-top:0;margin-bottom:0\">\n<div class=\"wp-block-columns alignfull is-not-stacked-on-mobile is-layout-flex wp-container-core-columns-is-layout-e154fb6a wp-block-columns-is-layout-flex\" style=\"margin-top:0;margin-bottom:0;padding-top:var(--wp--preset--spacing--40);padding-right:var(--wp--preset--spacing--40);padding-bottom:var(--wp--preset--spacing--80);padding-left:var(--wp--preset--spacing--40)\">\n<div class=\"wp-block-column is-layout-flow wp-block-column-is-layout-flow\" style=\"flex-basis:66.66%\">\n<div class=\"wp-block-group is-vertical is-content-justification-stretch is-layout-flex wp-container-core-group-is-layout-7e003bba wp-block-group-is-layout-flex\">\n<h2 class=\"wp-block-heading has-xx-large-font-size\">Acc\u00e8s au cabinet<\/h2>\n\n\n\n<p><strong>Axone Radiologie<\/strong><br>\ud83d\udccd 4 Avenue de Middelkerke, 51200 \u00c9pernay<\/p>\n\n\n\n<p>Le cabinet est situ\u00e9 \u00e0 \u00c9pernay, facilement accessible.<br>Un plan d\u2019acc\u00e8s sera prochainement disponible sur cette page.<\/p>\n\n\n\n<hr class=\"wp-block-separator has-alpha-channel-opacity\"\/>\n\n\n\n<h3 class=\"wp-block-heading\">Horaires<\/h3>\n\n\n\n<p>\ud83d\udd58 <strong>Du lundi au vendredi<\/strong><br>08h00 \u2013 17h30<\/p>\n\n\n\n<p>\u274c <strong>Ferm\u00e9 le samedi, le dimanche et les jours f\u00e9ri\u00e9s<\/strong><\/p>\n\n\n\n<hr class=\"wp-block-separator has-alpha-channel-opacity\"\/>\n\n\n\n<h3 class=\"wp-block-heading\">Examens r\u00e9alis\u00e9s<\/h3>\n\n\n\n<ul class=\"wp-block-list\">\n<li>\u00c9chographie (tous types)<\/li>\n\n\n\n<li>Ost\u00e9odensitom\u00e9trie (DEXA)<\/li>\n<\/ul>\n\n\n\n<p>Les examens sont r\u00e9alis\u00e9s <strong>sur rendez-vous<\/strong>, selon l\u2019indication m\u00e9dicale.<\/p>\n\n\n\n<div style=\"height:0px\" aria-hidden=\"true\" class=\"wp-block-spacer wp-container-content-36c51660\"><\/div>\n<\/div>\n<\/div>\n<\/div>\n\n\n\n<div class=\"wp-block-columns alignfull is-style-section-2 is-layout-flex wp-container-core-columns-is-layout-d9884270 wp-block-columns-is-layout-flex is-style-section-2--1\" style=\"padding-top:0;padding-bottom:0\">\n<div class=\"wp-block-column is-layout-flow wp-block-column-is-layout-flow\" style=\"flex-basis:50%\"><\/div>\n\n\n\n<div class=\"wp-block-column is-layout-flow wp-block-column-is-layout-flow\" style=\"flex-basis:50%\"><\/div>\n<\/div>\n<\/div>\n","protected":false},"excerpt":{"rendered":"<p>Acc\u00e8s au cabinet Axone Radiologie\ud83d\udccd 4 Avenue de Middelkerke, 51200 \u00c9pernay Le cabinet est situ\u00e9 \u00e0 \u00c9pernay, facilement accessible.Un plan d\u2019acc\u00e8s sera prochainement disponible sur cette page. Horaires \ud83d\udd58 Du lundi au vendredi08h00 \u2013 17h30 \u274c Ferm\u00e9 le samedi, le dimanche et les jours f\u00e9ri\u00e9s Examens r\u00e9alis\u00e9s Les examens sont r\u00e9alis\u00e9s sur rendez-vous, selon l\u2019indication [&hellip;]<\/p>\n","protected":false},"author":1,"featured_media":0,"parent":0,"menu_order":0,"comment_status":"closed","ping_status":"closed","template":"","meta":{"footnotes":""},"class_list":["post-11","page","type-page","status-publish","hentry"],"_links":{"self":[{"href":"http:\/\/axone-radiologie.fr\/index.php\/wp-json\/wp\/v2\/pages\/11","targetHints":{"allow":["GET"]}}],"collection":[{"href":"http:\/\/axone-radiologie.fr\/index.php\/wp-json\/wp\/v2\/pages"}],"about":[{"href":"http:\/\/axone-radiologie.fr\/index.php\/wp-json\/wp\/v2\/types\/page"}],"author":[{"embeddable":true,"href":"http:\/\/axone-radiologie.fr\/index.php\/wp-json\/wp\/v2\/users\/1"}],"replies":[{"embeddable":true,"href":"http:\/\/axone-radiologie.fr\/index.php\/wp-json\/wp\/v2\/comments?post=11"}],"version-history":[{"count":2,"href":"http:\/\/axone-radiologie.fr\/index.php\/wp-json\/wp\/v2\/pages\/11\/revisions"}],"predecessor-version":[{"id":34,"href":"http:\/\/axone-radiologie.fr\/index.php\/wp-json\/wp\/v2\/pages\/11\/revisions\/34"}],"wp:attachment":[{"href":"http:\/\/axone-radiologie.fr\/index.php\/wp-json\/wp\/v2\/media?parent=11"}],"curies":[{"name":"wp","href":"https:\/\/api.w.org\/{rel}","templated":true}]}}